{"id":1958,"date":"2023-08-13T21:37:58","date_gmt":"2023-08-14T04:37:58","guid":{"rendered":"https:\/\/wordpress-892407-3736879.cloudwaysapps.com\/privacy-policy\/"},"modified":"2023-10-01T01:56:47","modified_gmt":"2023-10-01T08:56:47","slug":"privacy-policy","status":"publish","type":"page","link":"https:\/\/bold.ly\/es\/privacy-policy\/","title":{"rendered":"Pol\u00edtica de Privacidad"},"content":{"rendered":"<section class=\"l-section wpb_row height_medium color_primary\"><div class=\"l-section-h i-cf\"><div class=\"g-cols vc_row via_grid cols_1 laptops-cols_inherit tablets-cols_inherit mobiles-cols_1 valign_top type_default stacking_default\"><div class=\"wpb_column vc_column_container us_custom_31963582\"><div class=\"vc_column-inner\"><div class=\"wpb_text_column\"><div class=\"wpb_wrapper\"><h1 class=\"wp-block-heading\">Pol\u00edtica De Privacidad<\/h1>\n<h3 class=\"wp-block-heading\">Su intimidad importa<\/h3>\n<p>Proteger su informaci\u00f3n privada es nuestra prioridad. Esta Declaraci\u00f3n de Privacidad se aplica a\u00a0<a href=\"https:\/\/bold.ly\/es\/\">https:\/\/bold.ly<\/a>\u00a0BOLD.LY NOW LLC y regula la recopilaci\u00f3n y el uso de los datos. A los efectos de esta Pol\u00edtica de Privacidad, a menos que se indique lo contrario, todas las referencias a BOLD.LY NOW LLC incluyen <a href=\"https:\/\/bold.ly\/es\/\">https:\/\/bold.ly<\/a>\u00a0Bold.ly Now. El sitio web Bold.ly Now es un sitio de comercio electr\u00f3nico. Al utilizar el sitio web Bold.ly Now, usted acepta las pr\u00e1cticas utilizadas en relaci\u00f3n a los datos que se describen en esta declaraci\u00f3n.<\/p>\n<h3 class=\"wp-block-heading\">Qu\u00e9 datos personales recogemos y por qu\u00e9 los recogemos<\/h3>\n<p>Con el fin de proporcionarle mejor los productos y servicios ofrecidos en nuestro Sitio, Bold.ly Now puede recopilar informaci\u00f3n de identificaci\u00f3n personal, como su:<\/p>\n<p>&#8211; Nombre y apellidos<br \/>\n&#8211; Direcci\u00f3n de correo electr\u00f3nico<br \/>\n&#8211; N\u00famero de tel\u00e9fono<br \/>\n&#8211; Cargo<\/p>\n<p>Si compra productos y servicios de Bold.ly Now, recopilamos informaci\u00f3n de facturaci\u00f3n y de la tarjeta de cr\u00e9dito. Esta informaci\u00f3n se utiliza para completar la transacci\u00f3n de compra. Bold.ly Now tambi\u00e9n puede recopilar informaci\u00f3n demogr\u00e1fica an\u00f3nima, que no es \u00fanica para usted, como su:<\/p>\n<p>&#8211; Edad<br \/>\n&#8211; Sexo<br \/>\n&#8211; Raza<\/p>\n<p>No recopilamos ninguna informaci\u00f3n personal sobre usted a menos que nos la proporcione voluntariamente. Sin embargo, es posible que se le pida que nos proporcione cierta informaci\u00f3n personal cuando decida utilizar determinados productos o servicios disponibles en el Sitio. Estos pueden incluir: (a) registrarse para obtener una cuenta en nuestro Sitio; (b) participar en un sorteo o concurso patrocinado por nosotros o por uno de nuestros socios; (c) inscribirse para recibir ofertas especiales de terceros seleccionados; (d) enviarnos un mensaje de correo electr\u00f3nico; (e) enviar su tarjeta de cr\u00e9dito u otra informaci\u00f3n de pago al realizar pedidos y comprar productos y servicios en nuestro Sitio. A saber, utilizaremos su informaci\u00f3n para, entre otras cosas, comunicarnos con usted en relaci\u00f3n con los servicios y\/o productos que nos haya solicitado. Tambi\u00e9n podremos recabar informaci\u00f3n personal o no personal adicional en el futuro.<\/p>\n<h3 class=\"wp-block-heading\">Uso de sus datos personales<\/h3>\n<p>Bold.ly Now recaba y utiliza su informaci\u00f3n personal para operar su(s) sitio(s) web y brindarle los servicios que Usted haya solicitado. Bold.ly Now puede tambi\u00e9n utilizar la informaci\u00f3n de su identificaci\u00f3n personal para informarlo acerca de otros productos o servicios disponibles en Bold.ly Now y sus subsidiarias.<\/p>\n<h3 class=\"wp-block-heading\">Compartir informaci\u00f3n con terceros<\/h3>\n<p>Bold.ly Now no vende, alquila o arrienda su lista de clientes a terceras partes.<\/p>\n<p>Bold.ly Now s\u00ed puede compartir datos con socios confiables que ayudan y\/o en los que delega el an\u00e1lisis estad\u00edstico, el env\u00edo de correo electr\u00f3nico o postal, la atenci\u00f3n al cliente, o los arreglos para la distribuci\u00f3n y entrega. Est\u00e1 prohibida a todos los terceros la utilizaci\u00f3n de su informaci\u00f3n personal con excepci\u00f3n de proporcionar estos servicios a Bold.ly Now, y se le pide mantenga discreci\u00f3n en lo que ata\u00f1e a la informaci\u00f3n.<\/p>\n<p>Bold.ly Now puede revelar su informaci\u00f3n personal, sin previo aviso, cuando as\u00ed sea requerido por la ley o cuando se crea de buena fe que dicha acci\u00f3n es necesaria para: (a) conformar a la ley o para concernir a los procesos legales que se presentan en el Bold.ly Now o en el sitio; (b) proteger y defender los derechos o la propiedad del Bold.ly Now; y\/o (c) obrar de acuerdo con las circunstancias exigentes para proteger la seguridad personal de los usuarios del Bold.ly Now, o del p\u00fablico.<\/p>\n<h3 class=\"wp-block-heading\">Seguimiento del comportamiento de los usuarios<\/h3>\n<p>Bold.ly Now puede rastrear los sitios Web y las p\u00e1ginas que visitan nuestros usuarios dentro de Bold.ly Now, para poder determinar cu\u00e1les son los servicios de Bold.ly Now m\u00e1s populares. Estos datos son utilizados para presentar contenidos y publicidades personalizadas en el sitio de Bold.ly Now a clientes cuyo comportamiento indica que tienen un particular inter\u00e9s en un \u00e1rea determinada.<\/p>\n<h3 class=\"wp-block-heading\">Informaci\u00f3n recopilada autom\u00e1ticamente<\/h3>\n<p>Bold.ly Now puede recopilar autom\u00e1ticamente informaci\u00f3n sobre el hardware y el software de su ordenador. Esta informaci\u00f3n puede incluir: su direcci\u00f3n IP, tipo de navegador, nombres de dominio, tiempos de acceso y direcciones de sitios web de referencia. Esta informaci\u00f3n se utiliza para el funcionamiento del servicio, para mantener la calidad del servicio prestado y para brindar estad\u00edsticas generales acerca del uso del sitio Bold.ly Now.<\/p>\n<h3 class=\"wp-block-heading\">Cookies<\/h3>\n<p>El sitio web Bold.ly Now puede utilizar \u00abcookies\u00bb para ayudarle a personalizar su experiencia en l\u00ednea. Una cookie es un archivo de texto que un servidor de p\u00e1ginas web coloca en su disco duro. Las cookies no pueden utilizarse para ejecutar programas o enviar virus a su ordenador. Las cookies se le asignan a usted de forma exclusiva y s\u00f3lo pueden ser le\u00eddas por un servidor web del dominio que emiti\u00f3 la cookie para usted.<\/p>\n<p>Uno de los principales objetivos de las cookies es proporcionar una funci\u00f3n pr\u00e1ctica que le ahorre tiempo. El prop\u00f3sito de una cookie es decirle al servidor Web que usted ha regresado a una p\u00e1gina espec\u00edfica. Por ejemplo, cuando Usted personaliza p\u00e1ginas en Bold.ly Now, o cuando se registra en el sitio Bold.ly Now, la cookie grabada permite al servidor Web de Bold.ly Now recuperar su informaci\u00f3n espec\u00edfica en las subsiguientes visitas. Esto simplifica el proceso de registrar su informaci\u00f3n personal como direcci\u00f3n de cobro, direcci\u00f3n de env\u00edo, etc. La pr\u00f3xima vez que regrese al mismo sitio Bold.ly Now, la cookie grabada permitir\u00e1 al usuario recuperar su informaci\u00f3n espec\u00edfica en las subsiguientes visitas. Cuando regresa al mismo sitio Bold.ly Now, la informaci\u00f3n que ya ha proporcionado puede ser recuperada, de esta manera puede utilizar simplemente las Bold.ly Now caracter\u00edsticas que ha personalizado.<\/p>\n<p>Usted tiene la posibilidad de aceptar o rechazar las cookies. La mayor\u00eda de los navegadores aceptan autom\u00e1ticamente las cookies, pero normalmente puede modificar la configuraci\u00f3n de su navegador para rechazarlas si lo prefiere. Si escoge que el explorador rechace cookies, es probable que no pueda aprovechar en su totalidad las caracter\u00edsticas interactivas de los servicios ofrecidos en Bold.ly Now o en los sitios Web que visite.<\/p>\n<h3 class=\"wp-block-heading\">Contenido incrustado de otros sitios web<\/h3>\n<p>Los art\u00edculos de este sitio pueden incluir contenido incrustado (por ejemplo, v\u00eddeos, im\u00e1genes, art\u00edculos, etc.). El contenido incrustado de otros sitios web se comporta exactamente igual que si el visitante hubiera visitado el otro sitio web.<\/p>\n<p>Estos sitios web pueden recopilar datos sobre usted, utilizar cookies, incrustar seguimiento adicional de terceros y supervisar su interacci\u00f3n con ese contenido incrustado, incluido el seguimiento de su interacci\u00f3n con el contenido incrustado si tiene una cuenta y ha iniciado sesi\u00f3n en ese sitio web.<\/p>\n<h3 class=\"wp-block-heading\">Enlaces<\/h3>\n<p>Este sitio web contiene enlaces a otros sitios. Tenga en cuenta que no somos responsables del contenido ni de las pr\u00e1cticas de privacidad de esos otros sitios. Animamos a nuestros usuarios a que est\u00e9n atentos cuando salgan de nuestro sitio y a que lean las declaraciones de privacidad de cualquier otro sitio que recopile informaci\u00f3n de identificaci\u00f3n personal.<\/p>\n<h3 class=\"wp-block-heading\">Seguridad de sus datos personales<\/h3>\n<p>Bold.ly Now asegura su informaci\u00f3n personal frente al acceso, uso o divulgaci\u00f3n no autorizados. Bold.ly Now utiliza los siguientes m\u00e9todos para este fin: Protocolo SSL.<\/p>\n<p>Cuando se transmite informaci\u00f3n personal (como el n\u00famero de una tarjeta de cr\u00e9dito) a otros sitios web, se protege mediante el uso de cifrado, como el protocolo Secure Sockets Layer (SSL).<\/p>\n<p>Nos esforzamos por tomar las medidas de seguridad adecuadas para proteger sus datos personales contra el acceso no autorizado o su alteraci\u00f3n. Lamentablemente, no se puede garantizar al 100% la seguridad de ninguna transmisi\u00f3n de datos a trav\u00e9s de Internet o de cualquier red inal\u00e1mbrica. En consecuencia, aunque nos esforzamos por proteger su informaci\u00f3n personal, usted reconoce que (a) existen limitaciones de seguridad y privacidad inherentes a Internet que escapan a nuestro control; y (b) no puede garantizarse la seguridad, integridad y privacidad de toda la informaci\u00f3n y datos intercambiados entre usted y nosotros a trav\u00e9s de este Sitio.<\/p>\n<h3 class=\"wp-block-heading\">Derecho de supresi\u00f3n<\/h3>\n<p>Sin perjuicio de determinadas excepciones que se exponen a continuaci\u00f3n, cuando recibamos una solicitud verificable de su parte, lo haremos:<\/p>\n<p>&#8211; Eliminar sus datos personales de nuestros registros.<\/p>\n<p>&#8211; Pida a cualquier proveedor de servicios que elimine sus datos personales de sus registros.<\/p>\n<p>Tenga en cuenta que es posible que no podamos atender las solicitudes de eliminaci\u00f3n de sus datos personales si es necesario:<\/p>\n<p>&#8211; Completar la transacci\u00f3n para la que se recopil\u00f3 la informaci\u00f3n personal, cumplir los t\u00e9rminos de una garant\u00eda escrita o retirada de productos realizada de conformidad con la legislaci\u00f3n federal, proporcionar un bien o servicio solicitado por usted, o razonablemente previsto en el contexto de nuestra relaci\u00f3n comercial en curso con usted, o cumplir de otro modo un contrato entre usted y nosotros;<\/p>\n<p>&#8211; Detectar incidentes de seguridad, proteger contra actividades maliciosas, enga\u00f1osas, fraudulentas o ilegales, o perseguir a los responsables de dichas actividades;<\/p>\n<p>&#8211; Depurar para identificar y reparar errores que afecten a la funcionalidad prevista;<\/p>\n<p>&#8211; Ejercer la libertad de expresi\u00f3n, garantizar el derecho de otro consumidor a ejercer su derecho a la libertad de expresi\u00f3n o ejercer otro derecho previsto por la ley;<\/p>\n<p>&#8211; Cumplir la Ley de Privacidad de las Comunicaciones Electr\u00f3nicas de California;<\/p>\n<p>&#8211; Participar en investigaciones cient\u00edficas, hist\u00f3ricas o estad\u00edsticas p\u00fablicas o revisadas por expertos en inter\u00e9s p\u00fablico que respeten el resto de la legislaci\u00f3n aplicable en materia de \u00e9tica y privacidad, cuando sea probable que nuestra eliminaci\u00f3n de la informaci\u00f3n imposibilite o perjudique gravemente la realizaci\u00f3n de dichas investigaciones, siempre que hayamos obtenido su consentimiento informado;<\/p>\n<p>&#8211; Permitir \u00fanicamente usos internos que se ajusten razonablemente a sus expectativas en funci\u00f3n de su relaci\u00f3n con nosotros;<\/p>\n<p>&#8211; Cumplir una obligaci\u00f3n legal existente; o<\/p>\n<p>&#8211; Por lo dem\u00e1s, utilizar su informaci\u00f3n personal, internamente, de forma l\u00edcita y compatible con el contexto en el que usted facilit\u00f3 la informaci\u00f3n.<\/p>\n<h3 class=\"wp-block-heading\">Menores de trece a\u00f1os<\/h3>\n<p>Bold.ly Now no recopila conscientemente informaci\u00f3n de identificaci\u00f3n personal de ni\u00f1os menores de trece a\u00f1os. Si eres menor de trece a\u00f1os, debes pedir permiso a tus padres o tutores para utilizar este sitio web.<\/p>\n<h3 class=\"wp-block-heading\">Comunicaciones por correo electr\u00f3nico<\/h3>\n<p>De vez en cuando, Bold.ly Now puede ponerse en contacto con usted por correo electr\u00f3nico con el fin de proporcionar anuncios, ofertas promocionales, alertas, confirmaciones, encuestas y \/ u otra comunicaci\u00f3n general. Con el fin de mejorar nuestros Servicios, podemos recibir una notificaci\u00f3n cuando abra un correo electr\u00f3nico de Bold.ly Now o haga clic en un enlace del mismo.<\/p>\n<p>Si desea dejar de recibir comunicaciones promocionales o de marketing por correo electr\u00f3nico de Bold.ly Now, puede optar por no recibir dichas comunicaciones haciendo clic en el enlace DARSE DE BAJA.<\/p>\n<h3 class=\"wp-block-heading\">Cambios en esta declaraci\u00f3n<\/h3>\n<p>Bold.ly Now se reserva el derecho a modificar esta pol\u00edtica de privacidad de vez en cuando. Le notificaremos sobre cambios significativos en la forma en que tratamos la informaci\u00f3n personal mediante el env\u00edo de un aviso a la direcci\u00f3n de correo electr\u00f3nico principal especificada en su cuenta, mediante la colocaci\u00f3n de un aviso destacado en nuestro sitio, y \/ o mediante la actualizaci\u00f3n de cualquier informaci\u00f3n de privacidad en esta p\u00e1gina. Su uso continuado del Sitio y\/o de los Servicios disponibles a trav\u00e9s de este Sitio despu\u00e9s de dichas modificaciones constituir\u00e1 su: (a) el reconocimiento de la Pol\u00edtica de Privacidad modificada; y (b) el acuerdo de acatar y estar obligado por dicha Pol\u00edtica.<\/p>\n<h3 class=\"wp-block-heading\">Informaci\u00f3n de contacto<\/h3>\n<p>BOLD.LY NOW LLC<br \/>\n1810 E Sahara Ave, Suite 212 #544<br \/>\nLas Vegas, Nevada 89104<\/p>\n<p>Direcci\u00f3n de correo electr\u00f3nico: bebold@bold.ly<\/p>\n<p>Tel\u00e9fono: 2035178890<\/p>\n<p>En vigor a partir del 01 de julio de 2020<\/p>\n<\/div><\/div><\/div><\/div><\/div><\/div><\/section>\n","protected":false},"excerpt":{"rendered":"Pol\u00edtica De Privacidad Su intimidad importa Proteger su informaci\u00f3n privada es nuestra prioridad. Esta Declaraci\u00f3n de Privacidad se aplica a\u00a0https:\/\/bold.ly\u00a0BOLD.LY NOW LLC y regula la recopilaci\u00f3n y el uso de los datos. A los efectos de esta Pol\u00edtica de Privacidad, a menos que se indique lo contrario, todas las referencias a BOLD.LY NOW LLC incluyen...","protected":false},"author":2,"featured_media":0,"parent":0,"menu_order":0,"comment_status":"closed","ping_status":"closed","template":"","meta":{"_acf_changed":false,"footnotes":""},"class_list":["post-1958","page","type-page","status-publish","hentry"],"acf":[],"_links":{"self":[{"href":"https:\/\/bold.ly\/es\/wp-json\/wp\/v2\/pages\/1958","targetHints":{"allow":["GET"]}}],"collection":[{"href":"https:\/\/bold.ly\/es\/wp-json\/wp\/v2\/pages"}],"about":[{"href":"https:\/\/bold.ly\/es\/wp-json\/wp\/v2\/types\/page"}],"author":[{"embeddable":true,"href":"https:\/\/bold.ly\/es\/wp-json\/wp\/v2\/users\/2"}],"replies":[{"embeddable":true,"href":"https:\/\/bold.ly\/es\/wp-json\/wp\/v2\/comments?post=1958"}],"version-history":[{"count":2,"href":"https:\/\/bold.ly\/es\/wp-json\/wp\/v2\/pages\/1958\/revisions"}],"predecessor-version":[{"id":2123,"href":"https:\/\/bold.ly\/es\/wp-json\/wp\/v2\/pages\/1958\/revisions\/2123"}],"wp:attachment":[{"href":"https:\/\/bold.ly\/es\/wp-json\/wp\/v2\/media?parent=1958"}],"curies":[{"name":"wp","href":"https:\/\/api.w.org\/{rel}","templated":true}]}}